{"id":229,"date":"2019-06-20T12:31:32","date_gmt":"2019-06-20T12:31:32","guid":{"rendered":"http:\/\/spab-rice.com\/wordpress\/vavo\/demo\/?page_id=229"},"modified":"2021-02-25T20:03:26","modified_gmt":"2021-02-25T19:03:26","slug":"contact","status":"publish","type":"page","link":"https:\/\/auguuuste.fr\/index.php\/contact\/","title":{"rendered":"Contact"},"content":{"rendered":"<div class=\"wrapper-medium\"><div  class=\"column-section clearfix spaced-huge  col-align-top no-anim\"><div  class=\"column one-half   col1 no-anim\" >\n<p id=\"tw-target-text\" class=\"tw-data-text tw-text-large XcVN5d tw-ta\" dir=\"ltr\" data-placeholder=\"Traduction\"><span lang=\"fr\">Hello me voici, Auguuuste Designer Digital qui op\u00e8re en freelance bas\u00e9 sur Paris. Je collabore avec des marques, des entreprises et des start-ups inspirantes pour fa\u00e7onner leurs projets num\u00e9riques.<\/span><\/p>\n<\/div><div  class=\"column one-half last-col  col2 no-anim\" >\n<h6>Paris, France<\/h6>\n<p>06 51 18 42 39<br \/>\nauguste.deguenon3@gmail.com<\/p>\n<\/div><\/div><\/div><div class=\"spacer spacer-small \"><\/div><div class=\"spacer spacer-medium \"><\/div><div class=\"spacer spacer-big \"><\/div><div class=\"wrapper-small\"><div  class=\"column-section clearfix spaced-normal  col-align-top no-anim\"><div  class=\"column one-full last-col  col3 no-anim\" >\n<h4>Maintenant que vous en savez un peu plus sur moi gardons contaaact<\/h4>\n<\/div><\/div><\/div><div class=\"spacer spacer-big \"><\/div>\n","protected":false},"excerpt":{"rendered":"","protected":false},"author":1,"featured_media":0,"parent":0,"menu_order":0,"comment_status":"closed","ping_status":"closed","template":"","meta":{"footnotes":""},"_links":{"self":[{"href":"https:\/\/auguuuste.fr\/index.php\/wp-json\/wp\/v2\/pages\/229"}],"collection":[{"href":"https:\/\/auguuuste.fr\/index.php\/wp-json\/wp\/v2\/pages"}],"about":[{"href":"https:\/\/auguuuste.fr\/index.php\/wp-json\/wp\/v2\/types\/page"}],"author":[{"embeddable":true,"href":"https:\/\/auguuuste.fr\/index.php\/wp-json\/wp\/v2\/users\/1"}],"replies":[{"embeddable":true,"href":"https:\/\/auguuuste.fr\/index.php\/wp-json\/wp\/v2\/comments?post=229"}],"version-history":[{"count":17,"href":"https:\/\/auguuuste.fr\/index.php\/wp-json\/wp\/v2\/pages\/229\/revisions"}],"predecessor-version":[{"id":1013,"href":"https:\/\/auguuuste.fr\/index.php\/wp-json\/wp\/v2\/pages\/229\/revisions\/1013"}],"wp:attachment":[{"href":"https:\/\/auguuuste.fr\/index.php\/wp-json\/wp\/v2\/media?parent=229"}],"curies":[{"name":"wp","href":"https:\/\/api.w.org\/{rel}","templated":true}]}}